{"id":6778,"date":"2020-01-17T11:36:17","date_gmt":"2020-01-17T11:36:17","guid":{"rendered":"http:\/\/bgreatazores.com\/en\/politica-de-privacidade\/"},"modified":"2020-01-27T17:11:36","modified_gmt":"2020-01-27T17:11:36","slug":"privacy-policy","status":"publish","type":"page","link":"http:\/\/bgreatazores.com\/en\/privacy-policy\/","title":{"rendered":"Privacy Policy"},"content":{"rendered":"<h4 style=\"text-align: center;\"><strong>DECLARATION AND CONSENT TO PRIVACY POLICY<\/strong><\/h4>\n<p>&nbsp;<\/p>\n<p>By accepting this Privacy Policy, you are authorizing FHI Midtlantic &#8211; Activities Turisticos e Servi\u00e7os, Lda, to process your personal data present in your registration form, of which you confirm that you are the holder, as well as data relating to your business relationship. and contractual, and respective management, under the terms of this Privacy Policy.<\/p>\n<p>It further declares:<\/p>\n<p>1. be aware and fully informed that the processing of your personal data includes all operations carried out on the data transmitted by you, by automated means or not, for the purposes of:<\/p>\n<p>&#8211; improve the functioning and functionality of the website of FHI Midtlantic &#8211; Actividades Tur\u00edsticas e Servi\u00e7os, Lda (including in cases where your data will be aggregated and treated in a statistical manner, without being identifiable by any third parties to whom they are provided);<br \/>\n&#8211; improve and personalize the services provided to you;<br \/>\n&#8211; contact you via emails, written messages or by phone to &#8211; send information or updates about your transactions and orders, as well as information about new products or services;<br \/>\n&#8211; interact with you on social media platforms;<\/p>\n<p>2. accept and consent to the free use and reproduction, by FHI Midtlantic &#8211; ACTIVITIES TOURISTS AND SERVICES, Lda, of its publicly available content and \/ or published on social media platforms in which the BGreat hashtag has been explicitly and specifically referred to , our brands, products or services;<\/p>\n<p>3. acknowledge that, under the terms of the applicable legislation, it may oppose, limit, correct or request the deletion in relation to the processing of your data for one or some of the purposes described above, by sending a request to the following email: geral@bgreat.com, as well as the right to lodge a complaint with the competent authorities;<\/p>\n<p>4. prestar o presente consentimento de forma livre e volunt\u00e1ria e ter 16 ou mais anos de idade.<\/p>\n<h6><strong>POL\u00cdTICA DE PRIVACIDADE<\/strong><\/h6>\n<p>\nNa FHI Midtlantic &#8211; Atividades Tur\u00edsticas e Servi\u00e7os, consideramos a sua privacidade um assunto s\u00e9rio. Estamos empenhados em maximizar a sua experi\u00eancia com o nosso website e plataformas\u00a0social media, num ambiente seguro.<br \/>\n\u00c9 nossa pol\u00edtica tratar os seus dados pessoais com discri\u00e7\u00e3o e proteg\u00ea-los. A presente Pol\u00edtica de Privacidade explica como recolhemos, protegemos, usamos e partilhamos informa\u00e7\u00e3o sobre si, online e offline, esperando trazer-lhe acrescida confian\u00e7a na FHI Midtlantic &#8211; Atividades Tur\u00edsticas e Servi\u00e7os e melhorar a sua experi\u00eancia connosco.<\/p>\n<p>Por favor note que a presente Pol\u00edtica de Privacidade aplica-se a informa\u00e7\u00e3o colhida pela FHI Midtlantic &#8211; Atividades Tur\u00edsticas e Servi\u00e7os apenas e n\u00e3o se estende a informa\u00e7\u00e3o que possa ter submetido em outros sites ou plataformas sociais geridas for outras entidades ou organiza\u00e7\u00f5es para as quais poderemos remeter. A presente pol\u00edtica de privacidade abrange apenas este website. Leia atentamente os seguintes termos.<\/p>\n<p><strong>1. Os seus dados<\/strong><br \/>\nA FHI Midtlantic &#8211; Atividades Tur\u00edsticas e Servi\u00e7os compromete-se a processar os seus dados pessoais em conformidade com o Regulamento Europeu (UE) 2016\/679 do Parlamento Europeu e do Conselho, de 27 de abril de 2016, relativo \u00e0 prote\u00e7\u00e3o das pessoas singulares no que diz respeito ao tratamento de dados pessoais e \u00e0 livre circula\u00e7\u00e3o desses dados e que revoga a Diretiva 95\/46\/CE (Regulamento Geral sobre a Prote\u00e7\u00e3o de Dados).<br \/>\nEste site n\u00e3o recolhe informa\u00e7\u00f5es pessoais sobre si, a menos que nos forne\u00e7a voluntariamente. Isso significa que n\u00e3o saberemos o seu nome, o seu endere\u00e7o de e-mail ou qualquer outra informa\u00e7\u00e3o pessoal apenas porque navegou neste site.<\/p>\n<p>Apenas recolhemos os seus dados quando preencher um formul\u00e1rio on-line de pedido de or\u00e7amento ou contacto. Poder\u00e1 ser solicitado que introduza o seu nome, contacto telef\u00f3nico, endere\u00e7o de correio eletr\u00f3nico e outras informa\u00e7\u00f5es relevantes.<br \/>\nNote que, ao fornecer-nos informa\u00e7\u00f5es pessoais sobre si nos termos descritos nesta pol\u00edtica de privacidade, est\u00e1 a dar-nos o seu consentimento para que utilizemos as mesmas para as finalidades aqui referidas.<\/p>\n<p><strong>2. Utiliza\u00e7\u00e3o dos seus dados<\/strong><br \/>\nQualquer um dos dados que nos forne\u00e7a pode ser usado das seguintes maneiras:<br \/>\n\u2022 personalizar a sua experi\u00eancia connosco<br \/>\n\u2022 melhorar o nosso site nos servi\u00e7os e recursos dispon\u00edveis<br \/>\n\u2022 melhorar o nosso servi\u00e7o ao cliente em geral<br \/>\n\u2022 entrar em contato consigo<br \/>\n\u2022 gerir um concurso, promo\u00e7\u00e3o, pesquisa ou outro recurso<\/p>\n<p>Os seus dados, quer sejam p\u00fablicos ou privados, n\u00e3o ser\u00e3o vendidos, trocados, transferidos ou dados a qualquer outra empresa fora da FHI Midtlantic &#8211; Atividades Tur\u00edsticas e Servi\u00e7os, por qualquer motivo, sem o seu consentimento.<br \/>\nPodemos usar e fornecer informa\u00e7\u00f5es agregadas e estat\u00edsticas a terceiros para monitorizar o uso do nosso website, com a finalidade de nos ajudar a desenvolv\u00ea-lo e os nossos servi\u00e7os. Os dados utilizados n\u00e3o devem incluir informa\u00e7\u00f5es que possam ser utilizadas para identificar qualquer indiv\u00edduo.<\/p>\n<p>Os dados de contato por si fornecidos podem ser usados para enviar informa\u00e7\u00f5es e atualiza\u00e7\u00f5es relacionadas com os seus pedidos, al\u00e9m de receber atualiza\u00e7\u00f5es ocasionais da FHI Midtlantic &#8211; Atividades Tur\u00edsticas e Servi\u00e7os e, informa\u00e7\u00f5es sobre produtos ou servi\u00e7os relacionados.<br \/>\nN\u00f3s poderemos entrar em contato consigo por e-mail ou telefone para pedir os seus coment\u00e1rios sobre os nossos produtos e servi\u00e7os.<br \/>\nNota: Se, a qualquer momento, quiser cancelar a subscri\u00e7\u00e3o de futuros e-mails, incluiremos instru\u00e7\u00f5es detalhadas de cancelamento, na parte inferior de cada e-mail.<\/p>\n<p>A FHI Midtlantic &#8211; Atividades Tur\u00edsticas e Servi\u00e7os guarda os dados dos seus utilizadores nos seus servidores localizados em Portugal e em Espanha. Estes servidores s\u00e3o protegidos e mantidos de acordo com os mais elevados standards de seguran\u00e7a e por forma a respeitar as leis de privacidade aplic\u00e1veis.<\/p>\n<p><strong>3. Prote\u00e7\u00e3o das suas informa\u00e7\u00f5es<\/strong><br \/>\nSeguimos os padr\u00f5es da ind\u00fastria para proteger os seus detalhes durante a transmiss\u00e3o e, uma vez recebidos, implementamos v\u00e1rias medidas para manter a seguran\u00e7a dos dados pessoais que nos transmitiu.<br \/>\nNO ENTANTO, DEVE ESTAR CIENTE DE QUE NENHUM M\u00c9TODO DE TRANSMISSS\u00c3O OU ARMAZENAMENTO ELECTR\u00d3NICO, \u00c9 100% SEGURO.<br \/>\nPOR ISSO, NA M\u00c1XIMA EXTENS\u00c3O PERMITIDA PELA LEI, N\u00c3O PODEMOS SER RESPONS\u00c1VEIS POR QUAISQUER RECLAMA\u00c7\u00d5ES. PERDAS E DANOS, INCLUINDO, SEM LIMITA\u00c7\u00d5ES, PERDAS DIRETAS, INDIRETAS, ESPECIAIS, PUNITIVAS, INCIDENTAIS OU CONSEQUENCIAIS OU DANOS INCORRIDOS POR SI OU QUALQUER UTILIZADOR RELACIONADAS COM FRAUDE INFORM\u00c1TICA, RISCOS OU QUALQUER OUTRA INFRA\u00c7\u00c3O OU CIRCUNST\u00c2NCIA EM QUE AS SUAS INFORMA\u00c7\u00d5ES S\u00c3O ACEDIDAS OU DIVULGADAS SEM NOSSA AUTORIZA\u00c7\u00c3O EXPRESSA.<\/p>\n<p><strong>4. Cookies<\/strong><br \/>\nUma cookie \u00e9 um pequeno ficheiro de texto que, embora n\u00e3o recolha informa\u00e7\u00f5es pessoais que permitam identificar o utilizador, guardam sobre este, no seu dispositivo de acesso (telem\u00f3vel, computado ou outro), informa\u00e7\u00f5es gerais sobre a sua navega\u00e7\u00e3o que permitem posterior utiliza\u00e7\u00e3o mais r\u00e1pida e eficaz.<br \/>\nUma cookie, por si s\u00f3, n\u00e3o identifica pessoalmente nenhum usu\u00e1rio \/ visitante.<br \/>\nPodemos usar tecnologias como &#8220;cookies&#8221; para registar informa\u00e7\u00f5es de sess\u00e3o, recolher visitas e aceder a detalhes das nossas p\u00e1ginas da web que nos permitem continuar a melhorar nossos servi\u00e7os e fornecer melhores e mais \u00fateis recursos aos usu\u00e1rios \/ visitantes do nosso site.<\/p>\n<p>As cookies s\u00e3o recomend\u00e1veis e tem fun\u00e7\u00f5es espec\u00edficas de modo a permitir uma melhor e mais personalizada navega\u00e7\u00e3o.<br \/>\nA exist\u00eancia de cookies n\u00e3o prejudica o funcionamento do seu dispositivo e respetivo sistema operativo. Para al\u00e9m da informa\u00e7\u00e3o guardada na cookie, \u00e9 tamb\u00e9m armazenada informa\u00e7\u00e3o na \u00e1rea de \u201carmazenamento local\u201d do seu navegador com o mesmo objetivo que as cookies.<\/p>\n<p>As cookies podem ser de v\u00e1rios tipos: aquelas que permitem identificar o utilizador e melhorar o funcionamento dos servi\u00e7os nos sites; aquelas que melhoram o desempenho do site atrav\u00e9s da an\u00e1lise da forma como os utilizadores o usam; aquelas que permitem ao utilizador uma navega\u00e7\u00e3o mais individualizada e aquelas que recolhem informa\u00e7\u00f5es do utilizador sobre h\u00e1bitos de navega\u00e7\u00e3o na internet de modo a que a publicidade visualizada por aquele corresponda \u00e0s suas necessidades e interesses.<\/p>\n<p>A finalidade principal das nossas cookies \u00e9 melhorar a sua experi\u00eancia na navega\u00e7\u00e3o pois, entre outras finalidades, ajuda-nos a recordar as suas prefer\u00eancias. Esta informa\u00e7\u00e3o permite ainda melhorar o nosso website (por exemplo, facilitando a an\u00e1lise estat\u00edstica da utiliza\u00e7\u00e3o do mesmo). Tendo em conta estas finalidades, n\u00e3o s\u00e3o armazenadas atrav\u00e9s das cookies as suas informa\u00e7\u00f5es de identifica\u00e7\u00e3o pessoal de natureza sens\u00edvel. As informa\u00e7\u00f5es constantes das nossas cookies apenas s\u00e3o utilizadas por n\u00f3s, salvo as relativas ao Google Analytics (geridas pela Google).<\/p>\n<p>Todos os browsers permitem ao utilizador aceitar, recusar ou apagar cookies, nomeadamente atrav\u00e9s da sele\u00e7\u00e3o das defini\u00e7\u00f5es apropriadas no respetivo navegador, pelo que o utilizador pode, a qualquer momento, desativar parcial ou totalmente os cookies utilizados no nosso site.<\/p>\n<p>Se selecionar desativar as cookies talvez n\u00e3o possa aceder a determinadas sec\u00e7\u00f5es do nosso website, a sua navega\u00e7\u00e3o tornar-se-\u00e1 menos eficiente, bem como poder\u00e1 deixa de beneficiar de alguma das funcionalidades ou servi\u00e7os.<\/p>\n<p>Nota: esta lista poder\u00e1 ser atualizada em fun\u00e7\u00e3o de novos servi\u00e7os e funcionalidades do nosso website com a introdu\u00e7\u00e3o de novas cookies.<\/p>\n<p><strong>5. Como deve garantir a sua seguran\u00e7a<\/strong><br \/>\nPara sua privacidade, aconselhamos que n\u00e3o inclua dados pessoais, nomeadamente sens\u00edveis, ou e confidenciais nos e-mails que nos envia. Por favor, n\u00e3o nos envie via e-mail n\u00fameros de cart\u00e3o de cr\u00e9dito ou qualquer informa\u00e7\u00e3o pessoal sens\u00edvel.<br \/>\nN\u00e3o recolhemos conscientemente informa\u00e7\u00f5es pessoais de menores. Como pai\/m\u00e3e ou respons\u00e1vel legal, n\u00e3o permita que os seus filhos enviem informa\u00e7\u00f5es pessoais sem a sua permiss\u00e3o.<br \/>\nN\u00c3O SOMOS RESPONS\u00c1VEIS POR DADOS DE IDENTIFICA\u00c7\u00c3O OU OUTRAS INFORMA\u00c7\u00d5ES QUE ESCOLHA ENVIAR EM F\u00d3RUNS COMO UMA \u00c1REA DE COMENT\u00c1RIO OU QUALQUER OUTRA \u00c1REA P\u00daBLICA ACESS\u00cdVEL QUE ADMINISTRAMOS OU GERIMOS.<\/p>\n<p><strong>6. Divulga\u00e7\u00e3o de informa\u00e7\u00f5es a terceiros<\/strong><br \/>\nN\u00e3o vendemos, comercializamos ou transferimos para terceiros os seus dados de identifica\u00e7\u00e3o pessoal. Isso n\u00e3o inclui terceiros confi\u00e1veis que nos ajudam a gerir o nosso site, aplica\u00e7\u00f5es para dispositivos m\u00f3veis, conduzindo os nossos neg\u00f3cios ou prestando servi\u00e7os aos nossos clientes, desde que essas partes concordem em manter essas informa\u00e7\u00f5es confidenciais.<br \/>\nTamb\u00e9m poderemos divulgar as suas informa\u00e7\u00f5es quando acreditamos que a libera\u00e7\u00e3o \u00e9 apropriada para cumprir com a lei, para impor as nossas pol\u00edticas de site ou para proteger os nossos direitos, propriedade ou seguran\u00e7a.<br \/>\nNo entanto, informa\u00e7\u00f5es de visitante n\u00e3o-pessoalmente identific\u00e1veis podem ser fornecidas a outras partes para fins de marketing, publicidade ou outros usos.<\/p>\n<p><strong>7. Liga\u00e7\u00f5es de terceiros<\/strong><br \/>\nRepare, por favor, que apesar de se encontrar num website operado por n\u00f3s, poder\u00e1 tamb\u00e9m ser remetido para links para websites de terceiros. Ocasionalmente, a nosso crit\u00e9rio, poderemos incluir ou oferecer servi\u00e7os de terceiros nas nossas plataformas.<br \/>\nEstes sites de terceiros t\u00eam pol\u00edticas de privacidade separadas e independentes. Estas pol\u00edticas n\u00e3o s\u00e3o geridas nem controladas por n\u00f3s, pelo que a FHI Midtlantic &#8211; Atividades Tur\u00edsticas e Servi\u00e7os n\u00e3o assume qualquer responsabilidade pelo conte\u00fado e atividades desses websites.<br \/>\nNo entanto, procuramos proteger a integridade do nosso site e das nossas plataformas e agradecemos que nos contacte caso queira dar-nos o seu feedback sobre os mesmos. Recomendamos, igualmente, que leia atentamente os termos e condi\u00e7\u00f5es e as pol\u00edticas de privacidade desses websites vinculados antes de submeter qualquer informa\u00e7\u00e3o ou dados pessoais.<\/p>\n<p><strong>8. O Seu Consentimento<\/strong><br \/>\nAo utilizar o nosso website e as nossas plataformas, concorda com nossa Pol\u00edtica de Privacidade.<\/p>\n<p><strong>9. Prazo de conserva\u00e7\u00e3o dos seus dados<\/strong><br \/>\nCabe-nos referir que os dados pessoais que nos fornece ser\u00e3o conservados at\u00e9 solicitar a sua remo\u00e7\u00e3o.<\/p>\n<p><strong>10. Direitos de autor<\/strong><br \/>\nOs v\u00eddeos, sons, imagens e todas as informa\u00e7\u00f5es neste website, n\u00e3o podem ser copiados, distribu\u00eddos, modificados ou colocados em plataformas digitais, sem autoriza\u00e7\u00e3o pr\u00e9via da FHI Midtlantic &#8211; Atividades Tur\u00edsticas e Servi\u00e7os.<\/p>\n<p><strong>11. Os seus direitos<\/strong><br \/>\nUma vez que queremos garantir que est\u00e1 consciente dos seus direitos e nos termos da legisla\u00e7\u00e3o aplic\u00e1vel, queremos inform\u00e1-lo que:<br \/>\n\u2022 Os seus dados pessoais pertencem-lhe a si. Como tal, tem o direito a aceder, retificar, limitar, apagar e opor-se ao tratamento dos mesmos assim como a obter os mesmos junto da FHI Midtlantic &#8211; Atividades Tur\u00edsticas e Servi\u00e7os.<br \/>\n\u2022 Faremos todos os esfor\u00e7os para que os seus dados pessoais se mantenham atualizados e protegidos de acordo com os melhores standards praticados pela ind\u00fastria.<br \/>\n\u2022 Tem o direito a apresentar uma queixa junto da autoridade de prote\u00e7\u00e3o de dados competente. Em Portugal, esta autoridade \u00e9 a Comiss\u00e3o Nacional de Prote\u00e7\u00e3o de Dados (\u201cCNPD\u201d). Mais informa\u00e7\u00e3o sobre a CNPD poder\u00e1 ser obtida atrav\u00e9s do website www.cnpd.pt.<\/p>\n<p>Para exercer os seus direitos de acesso, retifica\u00e7\u00e3o, elimina\u00e7\u00e3o, bloqueio ou oposi\u00e7\u00e3o ao tratamento dos dados pessoais que forne\u00e7a, nos termos da Lei n.\u00ba 67\/98, de 26 de outubro, dever\u00e1 enviar solicita\u00e7\u00e3o para o efeito, atrav\u00e9s do seguinte endere\u00e7o de email: rgpd@bgreat.com<\/p>\n<p><strong>12. Lei aplic\u00e1vel<\/strong><br \/>\nOs presentes Termos de Uso e Utiliza\u00e7\u00e3o s\u00e3o regidos e elaborados de acordo com a legisla\u00e7\u00e3o em vigor. Qualquer conflito ou diverg\u00eancia de interpreta\u00e7\u00e3o dos mesmos ser\u00e1 submetido ao Tribunal competente.<\/p>\n<p><strong>13. Altera\u00e7\u00f5es \u00e0 nossa Pol\u00edtica de Privacidade<\/strong><br \/>\nReservamo-nos no direito de atualizar, alterar ou eliminar esta Pol\u00edtica de Privacidade qualquer um dos termos aqui presentes sem qualquer consentimento posterior. Daremos nota de quaisquer mudan\u00e7as \u00e0 mesma no nosso website bem como atrav\u00e9s de uma comunica\u00e7\u00e3o para os meios de contacto indicados. O uso continuado do nosso website, aplica\u00e7\u00f5es, servi\u00e7os e recursos oferecidos ap\u00f3s tal comunica\u00e7\u00e3o ter\u00e1 a sua concord\u00e2ncia com tais altera\u00e7\u00f5es.<br \/>\nA vers\u00e3o em vigor foi publicada em 15 de Janeiro de 2020.<\/p>\n<p><strong>14. Contacte-nos<\/strong><br \/>\nEm caso de d\u00favida sobre esta Pol\u00edtica de Privacidade ou caso pretenda exercer qualquer um dos seus direitos referidos supra, por favor queira contactar-nos atrav\u00e9s de:<br \/>\nTelefone: +351 123 456 789<br \/>\nE-mail: geral@bgreat.com<\/p>\n","protected":false},"excerpt":{"rendered":"<p>DECLARATION AND CONSENT TO PRIVACY POLICY &nbsp; By accepting [&hellip;]<\/p>\n","protected":false},"author":1,"featured_media":0,"parent":0,"menu_order":7,"comment_status":"closed","ping_status":"closed","template":"","meta":[],"yoast_head":"<!-- This site is optimized with the Yoast SEO plugin v15.5 - https:\/\/yoast.com\/wordpress\/plugins\/seo\/ -->\n<title>Privacy Policy - BGREAT Azores Tours em S\u00e3o Miguel A\u00e7ores<\/title>\n<meta name=\"robots\" content=\"index, follow, max-snippet:-1, max-image-preview:large, max-video-preview:-1\" \/>\n<link rel=\"canonical\" href=\"http:\/\/bgreatazores.com\/en\/privacy-policy\/\" \/>\n<meta property=\"og:locale\" content=\"en_US\" \/>\n<meta property=\"og:type\" content=\"article\" \/>\n<meta property=\"og:title\" content=\"Privacy Policy - BGREAT Azores Tours em S\u00e3o Miguel A\u00e7ores\" \/>\n<meta property=\"og:description\" content=\"DECLARATION AND CONSENT TO PRIVACY POLICY &nbsp; By accepting [&hellip;]\" \/>\n<meta property=\"og:url\" content=\"http:\/\/bgreatazores.com\/en\/privacy-policy\/\" \/>\n<meta property=\"og:site_name\" content=\"BGREAT Azores Tours em S\u00e3o Miguel A\u00e7ores\" \/>\n<meta property=\"article:modified_time\" content=\"2020-01-27T17:11:36+00:00\" \/>\n<meta name=\"twitter:card\" content=\"summary_large_image\" \/>\n<meta name=\"twitter:label1\" content=\"Est. reading time\">\n\t<meta name=\"twitter:data1\" content=\"10 minutes\">\n<script type=\"application\/ld+json\" class=\"yoast-schema-graph\">{\"@context\":\"https:\/\/schema.org\",\"@graph\":[{\"@type\":\"WebSite\",\"@id\":\"http:\/\/bgreatazores.com\/#website\",\"url\":\"http:\/\/bgreatazores.com\/\",\"name\":\"BGREAT Azores Tours em S\\u00e3o Miguel A\\u00e7ores\",\"description\":\"\",\"potentialAction\":[{\"@type\":\"SearchAction\",\"target\":\"http:\/\/bgreatazores.com\/?s={search_term_string}\",\"query-input\":\"required name=search_term_string\"}],\"inLanguage\":\"en-US\"},{\"@type\":\"WebPage\",\"@id\":\"http:\/\/bgreatazores.com\/en\/privacy-policy\/#webpage\",\"url\":\"http:\/\/bgreatazores.com\/en\/privacy-policy\/\",\"name\":\"Privacy Policy - BGREAT Azores Tours em S\\u00e3o Miguel A\\u00e7ores\",\"isPartOf\":{\"@id\":\"http:\/\/bgreatazores.com\/#website\"},\"datePublished\":\"2020-01-17T11:36:17+00:00\",\"dateModified\":\"2020-01-27T17:11:36+00:00\",\"inLanguage\":\"en-US\",\"potentialAction\":[{\"@type\":\"ReadAction\",\"target\":[\"http:\/\/bgreatazores.com\/en\/privacy-policy\/\"]}]}]}<\/script>\n<!-- \/ Yoast SEO plugin. -->","_links":{"self":[{"href":"http:\/\/bgreatazores.com\/en\/wp-json\/wp\/v2\/pages\/6778"}],"collection":[{"href":"http:\/\/bgreatazores.com\/en\/wp-json\/wp\/v2\/pages"}],"about":[{"href":"http:\/\/bgreatazores.com\/en\/wp-json\/wp\/v2\/types\/page"}],"author":[{"embeddable":true,"href":"http:\/\/bgreatazores.com\/en\/wp-json\/wp\/v2\/users\/1"}],"replies":[{"embeddable":true,"href":"http:\/\/bgreatazores.com\/en\/wp-json\/wp\/v2\/comments?post=6778"}],"version-history":[{"count":0,"href":"http:\/\/bgreatazores.com\/en\/wp-json\/wp\/v2\/pages\/6778\/revisions"}],"wp:attachment":[{"href":"http:\/\/bgreatazores.com\/en\/wp-json\/wp\/v2\/media?parent=6778"}],"curies":[{"name":"wp","href":"https:\/\/api.w.org\/{rel}","templated":true}]}}